{"id":4539,"date":"2026-03-24T14:54:43","date_gmt":"2026-03-24T13:54:43","guid":{"rendered":"http:\/\/fundaciomallorcaturisme.net\/aviso-legal\/"},"modified":"2026-03-24T14:55:00","modified_gmt":"2026-03-24T13:55:00","slug":"aviso-legal","status":"publish","type":"page","link":"https:\/\/fundaciomallorcaturisme.net\/de\/aviso-legal\/","title":{"rendered":"Aviso legal"},"content":{"rendered":"\n<p>De conformitat amb el sostenen les articles 10 i 11 de la Llei 34\/2002, d\u2019 11 de juliol, de serveis de la societat de la informaci\u00f3 de la informaci\u00f3 i de com-electr\u00e0\u2019nic, es posa de disposici\u00f3 dels usuaris i visitants la informaci\u00f3n legal relativa a l\u2019entitat propietaris\u2019ria del lloc ubicat a l\u2019adreca d\u2019Internet&nbsp;<a href=\"http:\/\/www.mallorcafilmcommission.net\/\">WWW.MALLORCAFILMCOMMISSION.NET<\/a><\/p>\n\n\n\n<p><strong>Titular de la web Call<\/strong>: 1. FUNDACIA MALLORCA TURISME-CIF G57594558-domicili: placa de l\u2019Hospital, 4, 2n. 07012, PALMA, ILLES BALEARS-Tel-fon: 971 219 648 ACTIVITAT: Fundaci\u00f3<\/p>\n\n\n\n<p>\u00das del web lloc: les presents condicions d\u2019\u00fas welcke l\u2019acc\u00e9s al lloc web&nbsp;<a href=\"http:\/\/www.mallorcafilmcommission.net\/\">www.MALLORCAFILMCOMMISSION.net<\/a>&nbsp;i el seu \u00fas. El utilitzaci\u00f3 d\u2019aquest web ens atribueix la condici\u00f3 d\u2019usuari des del mateix moment de l\u2019acc\u00e9s i l\u2019inici de la navegaci\u00f3, accedeint a qualsevol dels seus continguts. Des d\u2019aquest mateix moment, l\u2019usuari accepta expressament aquestes condicions generals. Aix\u00ed mateix, l\u2019usuari accepta les condicions particulars d\u2019els diferents serveis que, a m\u00e9s a m\u00e9s, ofereix a la web.<\/p>\n\n\n\n<p>L\u2019usuari s\u2019obliga, des de l\u2019acceptaci\u00f3, a fer a \u00fas del web, dels continguts i dels seus serveis Conla llei, els bons costums i l\u2019ordre p\u00fablic, fent servir la deliligence adequada a la Naturala del servei del qualdeix a trav\u00e9s de la web.<\/p>\n\n\n\n<p><strong>Modificacions<\/strong>: L\u2019entitat es reserva el dret a modificar unilateralment, en qualsevol moment tinc sentit ex vol\u00edeu, aquestes condicions. A aquests s\u2019est\u00e0 procedint a la seva publicaci\u00f3 i v\u00eds amb la m\u00e0xima antelaci\u00f3 possible. Al mateixa Way, es reserva el dret a modificar unilateralment, en qualsevol moment i sentit ex vol\u00edeu, la presentada i configuraci\u00f3 del web.<\/p>\n\n\n\n<p>Amb&nbsp;<strong>TER\u00c7OS ENLLAOS<\/strong>: l\u2019vol\u00edeu legal present \u00e9s refereix nom\u00e9s a la p\u00e0gina web i continguts de l\u2019entitat, i no s\u2019aplica als ca\u2019OS o als llocs web de tercers accessibles a trav\u00e9s del web. L\u2019entitat no es fa responsable del contingut de cap dels webs de destinaci\u00f3 d\u2019un lla, ni cap lla\u2019incls en un lloc web al s\u2019arribi des del web de L\u2019entitat.<\/p>\n\n\n\n<p><strong>propietat intel LECTUAL I INDUSTRIAL<\/strong>: tots els continguts del web s\u00f3n titularitat exclusius de l\u2019entitat I, amb car-cter enunciatiu i no limitador, el disseny de l\u2019fic, el codi font, el logotips, els textos, els\u2019fics, les il-lustracions, les fotografies apareixen a la web. Aix\u00ed mateix, els noms comercials, marques o signes distintius de qualsevol classe continguts al web estan protegits per la Llei de propietat intel-lectual i industrial. La a l\u2019entitat l\u2019exercici exclusiu dels drets d\u2019explotaci\u00f3 de la propietat intel-lectual esmentada, en qualsevol forma, i, en particular, els drets de reproducci\u00f3, distribuci\u00f3, comunicaci\u00f3 p\u00fablica. L\u2019usuari te impossibili qualsevol \u00fas no consentit qualsevol dels continguts totals o parcials que integrin el dretat de propietat intel-lectual o industrial de l\u2019entitat en el lloc web i\/o els seus conuttings.<\/p>\n\n\n\n<p>L\u2019entitat es reserva el dret a dur a terme qualsevol tipus d\u2019acci\u00f3 legal contra qualsevol usuari que faci una acci\u00f3 que impliqui reprodu\u00efda, distribu\u00efda, comercialitzaci\u00f3, transformaci\u00f3 i, en general, qualsevol altra forma d\u2019explotaci\u00f3, qual persevol procediment, tots o una part dels continguts del web i que constitueixi un infracci\u00f3 dels drets de propietat intel-lectual i\/o industrial d\u2019aquest.<\/p>\n\n\n\n<p><strong>Notificacions<\/strong>: als efectes de les presenta condicions generals, i per un qualsevol comunicat que despr\u00e9s de necess\u00e0 entre l\u2019entitat i l\u2019usuari, s\u2019haur\u2019de fer at\u00e9n el correu electr. Les comunicacions de l\u2019entitat a l\u2019usuari es faran de conformitat amb les dades que aquesta hagi aportat en Register-se a la web. L\u2019usuari accepta expressament i per a totes les comunicacions relateds amb la utilitzaci\u00f3 del web i\/o la contractaci\u00f3 dels serveis que s\u2019hi ofereixen, la utilitzaci\u00f3 del correu electr\u00f2nic\u2019nic com a procediment v\u2019lid per la remissi\u00f3 de les comunicacions esmentades.<\/p>\n\n\n\n<p><strong>DISPOSICI\u00d3 APLICABLE. SUBMISSIa a la pell<\/strong>: Les presents conditiones es regiran per la legislaci\u00f3 espanyola, que ser\u00e0 d\u2019aplicaci\u00f3 en la qual no es troba disposi en aquest contracte en Sa\u2019ria d\u2019interpretaci\u00f3, validesa i execuci\u00f3. Les parts renuncien expressament al fur que els pugui correspondere i es sotmeten expressament als reclama i tribunals de Palma per per qualsevol controv. rsia que pugui sorgir en la interpretaci\u00f3 o execuci\u00f3 de les presenta condicions contractuals.<\/p>\n","protected":false},"excerpt":{"rendered":"<p>De conformitat amb el sostenen les articles 10 i 11 de la Llei 34\/2002, d\u2019 11 de juliol, de serveis de la societat de la informaci\u00f3 de la informaci\u00f3 i de com-electr\u00e0\u2019nic, es posa de disposici\u00f3 dels usuaris i visitants la informaci\u00f3n legal relativa a l\u2019entitat propietaris\u2019ria del lloc ubicat a l\u2019adreca d\u2019Internet&nbsp;WWW.MALLORCAFILMCOMMISSION.NET Titular de [&hellip;]<\/p>\n","protected":false},"author":1,"featured_media":0,"parent":0,"menu_order":0,"comment_status":"closed","ping_status":"closed","template":"","meta":{"_acf_changed":false,"footnotes":""},"class_list":["post-4539","page","type-page","status-publish","hentry"],"acf":[],"yoast_head":"<!-- This site is optimized with the Yoast SEO plugin v27.0 - https:\/\/yoast.com\/product\/yoast-seo-wordpress\/ -->\n<title>Aviso legal - Consell de Mallorca<\/title>\n<meta name=\"robots\" content=\"index, follow, max-snippet:-1, max-image-preview:large, max-video-preview:-1\" \/>\n<link rel=\"canonical\" href=\"https:\/\/fundaciomallorcaturisme.net\/de\/aviso-legal\/\" \/>\n<meta property=\"og:locale\" content=\"de_DE\" \/>\n<meta property=\"og:type\" content=\"article\" \/>\n<meta property=\"og:title\" content=\"Aviso legal - Consell de Mallorca\" \/>\n<meta property=\"og:description\" content=\"De conformitat amb el sostenen les articles 10 i 11 de la Llei 34\/2002, d\u2019 11 de juliol, de serveis de la societat de la informaci\u00f3 de la informaci\u00f3 i de com-electr\u00e0\u2019nic, es posa de disposici\u00f3 dels usuaris i visitants la informaci\u00f3n legal relativa a l\u2019entitat propietaris\u2019ria del lloc ubicat a l\u2019adreca d\u2019Internet&nbsp;WWW.MALLORCAFILMCOMMISSION.NET Titular de [&hellip;]\" \/>\n<meta property=\"og:url\" content=\"https:\/\/fundaciomallorcaturisme.net\/de\/aviso-legal\/\" \/>\n<meta property=\"og:site_name\" content=\"Consell de Mallorca\" \/>\n<meta property=\"article:publisher\" content=\"https:\/\/www.facebook.com\/ConselldeMca\/\" \/>\n<meta property=\"article:modified_time\" content=\"2026-03-24T13:55:00+00:00\" \/>\n<meta property=\"og:image\" content=\"https:\/\/fundaciomallorcaturisme.net\/wp-content\/uploads\/2026\/02\/planificax2.jpg\" \/>\n\t<meta property=\"og:image:width\" content=\"1346\" \/>\n\t<meta property=\"og:image:height\" content=\"1094\" \/>\n\t<meta property=\"og:image:type\" content=\"image\/jpeg\" \/>\n<meta name=\"twitter:card\" content=\"summary_large_image\" \/>\n<meta name=\"twitter:site\" content=\"@ConselldeMca\" \/>\n<meta name=\"twitter:label1\" content=\"Gesch\u00e4tzte Lesezeit\" \/>\n\t<meta name=\"twitter:data1\" content=\"3\u00a0Minuten\" \/>\n<script type=\"application\/ld+json\" class=\"yoast-schema-graph\">{\"@context\":\"https:\/\/schema.org\",\"@graph\":[{\"@type\":\"WebPage\",\"@id\":\"https:\/\/fundaciomallorcaturisme.net\/de\/aviso-legal\/\",\"url\":\"https:\/\/fundaciomallorcaturisme.net\/de\/aviso-legal\/\",\"name\":\"Aviso legal - Consell de Mallorca\",\"isPartOf\":{\"@id\":\"https:\/\/fundaciomallorcaturisme.net\/de\/#website\"},\"datePublished\":\"2026-03-24T13:54:43+00:00\",\"dateModified\":\"2026-03-24T13:55:00+00:00\",\"breadcrumb\":{\"@id\":\"https:\/\/fundaciomallorcaturisme.net\/de\/aviso-legal\/#breadcrumb\"},\"inLanguage\":\"de\",\"potentialAction\":[{\"@type\":\"ReadAction\",\"target\":[\"https:\/\/fundaciomallorcaturisme.net\/de\/aviso-legal\/\"]}]},{\"@type\":\"BreadcrumbList\",\"@id\":\"https:\/\/fundaciomallorcaturisme.net\/de\/aviso-legal\/#breadcrumb\",\"itemListElement\":[{\"@type\":\"ListItem\",\"position\":1,\"name\":\"Startseite\",\"item\":\"https:\/\/fundaciomallorcaturisme.net\/de\/\"},{\"@type\":\"ListItem\",\"position\":2,\"name\":\"Aviso legal\"}]},{\"@type\":\"WebSite\",\"@id\":\"https:\/\/fundaciomallorcaturisme.net\/de\/#website\",\"url\":\"https:\/\/fundaciomallorcaturisme.net\/de\/\",\"name\":\"Consell de Mallorca\",\"description\":\"\",\"publisher\":{\"@id\":\"https:\/\/fundaciomallorcaturisme.net\/de\/#organization\"},\"alternateName\":\"Mallorca Turisme\",\"potentialAction\":[{\"@type\":\"SearchAction\",\"target\":{\"@type\":\"EntryPoint\",\"urlTemplate\":\"https:\/\/fundaciomallorcaturisme.net\/de\/?s={search_term_string}\"},\"query-input\":{\"@type\":\"PropertyValueSpecification\",\"valueRequired\":true,\"valueName\":\"search_term_string\"}}],\"inLanguage\":\"de\"},{\"@type\":\"Organization\",\"@id\":\"https:\/\/fundaciomallorcaturisme.net\/de\/#organization\",\"name\":\"Consell de Mallorca\",\"alternateName\":\"Mallorca Turisme\",\"url\":\"https:\/\/fundaciomallorcaturisme.net\/de\/\",\"logo\":{\"@type\":\"ImageObject\",\"inLanguage\":\"de\",\"@id\":\"https:\/\/fundaciomallorcaturisme.net\/de\/#\/schema\/logo\/image\/\",\"url\":\"http:\/\/fundaciomallorcaturisme.net\/wp-content\/uploads\/2026\/03\/logo.webp\",\"contentUrl\":\"http:\/\/fundaciomallorcaturisme.net\/wp-content\/uploads\/2026\/03\/logo.webp\",\"width\":696,\"height\":570,\"caption\":\"Consell de Mallorca\"},\"image\":{\"@id\":\"https:\/\/fundaciomallorcaturisme.net\/de\/#\/schema\/logo\/image\/\"},\"sameAs\":[\"https:\/\/www.facebook.com\/ConselldeMca\/\",\"https:\/\/x.com\/ConselldeMca\",\"https:\/\/www.instagram.com\/conselldemca\/\",\"https:\/\/www.youtube.com\/user\/conselldemallorca\"]}]}<\/script>\n<!-- \/ Yoast SEO plugin. -->","yoast_head_json":{"title":"Aviso legal - Consell de Mallorca","robots":{"index":"index","follow":"follow","max-snippet":"max-snippet:-1","max-image-preview":"max-image-preview:large","max-video-preview":"max-video-preview:-1"},"canonical":"https:\/\/fundaciomallorcaturisme.net\/de\/aviso-legal\/","og_locale":"de_DE","og_type":"article","og_title":"Aviso legal - Consell de Mallorca","og_description":"De conformitat amb el sostenen les articles 10 i 11 de la Llei 34\/2002, d\u2019 11 de juliol, de serveis de la societat de la informaci\u00f3 de la informaci\u00f3 i de com-electr\u00e0\u2019nic, es posa de disposici\u00f3 dels usuaris i visitants la informaci\u00f3n legal relativa a l\u2019entitat propietaris\u2019ria del lloc ubicat a l\u2019adreca d\u2019Internet&nbsp;WWW.MALLORCAFILMCOMMISSION.NET Titular de [&hellip;]","og_url":"https:\/\/fundaciomallorcaturisme.net\/de\/aviso-legal\/","og_site_name":"Consell de Mallorca","article_publisher":"https:\/\/www.facebook.com\/ConselldeMca\/","article_modified_time":"2026-03-24T13:55:00+00:00","og_image":[{"width":1346,"height":1094,"url":"https:\/\/fundaciomallorcaturisme.net\/wp-content\/uploads\/2026\/02\/planificax2.jpg","type":"image\/jpeg"}],"twitter_card":"summary_large_image","twitter_site":"@ConselldeMca","twitter_misc":{"Gesch\u00e4tzte Lesezeit":"3\u00a0Minuten"},"schema":{"@context":"https:\/\/schema.org","@graph":[{"@type":"WebPage","@id":"https:\/\/fundaciomallorcaturisme.net\/de\/aviso-legal\/","url":"https:\/\/fundaciomallorcaturisme.net\/de\/aviso-legal\/","name":"Aviso legal - Consell de Mallorca","isPartOf":{"@id":"https:\/\/fundaciomallorcaturisme.net\/de\/#website"},"datePublished":"2026-03-24T13:54:43+00:00","dateModified":"2026-03-24T13:55:00+00:00","breadcrumb":{"@id":"https:\/\/fundaciomallorcaturisme.net\/de\/aviso-legal\/#breadcrumb"},"inLanguage":"de","potentialAction":[{"@type":"ReadAction","target":["https:\/\/fundaciomallorcaturisme.net\/de\/aviso-legal\/"]}]},{"@type":"BreadcrumbList","@id":"https:\/\/fundaciomallorcaturisme.net\/de\/aviso-legal\/#breadcrumb","itemListElement":[{"@type":"ListItem","position":1,"name":"Startseite","item":"https:\/\/fundaciomallorcaturisme.net\/de\/"},{"@type":"ListItem","position":2,"name":"Aviso legal"}]},{"@type":"WebSite","@id":"https:\/\/fundaciomallorcaturisme.net\/de\/#website","url":"https:\/\/fundaciomallorcaturisme.net\/de\/","name":"Consell de Mallorca","description":"","publisher":{"@id":"https:\/\/fundaciomallorcaturisme.net\/de\/#organization"},"alternateName":"Mallorca Turisme","potentialAction":[{"@type":"SearchAction","target":{"@type":"EntryPoint","urlTemplate":"https:\/\/fundaciomallorcaturisme.net\/de\/?s={search_term_string}"},"query-input":{"@type":"PropertyValueSpecification","valueRequired":true,"valueName":"search_term_string"}}],"inLanguage":"de"},{"@type":"Organization","@id":"https:\/\/fundaciomallorcaturisme.net\/de\/#organization","name":"Consell de Mallorca","alternateName":"Mallorca Turisme","url":"https:\/\/fundaciomallorcaturisme.net\/de\/","logo":{"@type":"ImageObject","inLanguage":"de","@id":"https:\/\/fundaciomallorcaturisme.net\/de\/#\/schema\/logo\/image\/","url":"http:\/\/fundaciomallorcaturisme.net\/wp-content\/uploads\/2026\/03\/logo.webp","contentUrl":"http:\/\/fundaciomallorcaturisme.net\/wp-content\/uploads\/2026\/03\/logo.webp","width":696,"height":570,"caption":"Consell de Mallorca"},"image":{"@id":"https:\/\/fundaciomallorcaturisme.net\/de\/#\/schema\/logo\/image\/"},"sameAs":["https:\/\/www.facebook.com\/ConselldeMca\/","https:\/\/x.com\/ConselldeMca","https:\/\/www.instagram.com\/conselldemca\/","https:\/\/www.youtube.com\/user\/conselldemallorca"]}]}},"_links":{"self":[{"href":"https:\/\/fundaciomallorcaturisme.net\/de\/wp-json\/wp\/v2\/pages\/4539","targetHints":{"allow":["GET"]}}],"collection":[{"href":"https:\/\/fundaciomallorcaturisme.net\/de\/wp-json\/wp\/v2\/pages"}],"about":[{"href":"https:\/\/fundaciomallorcaturisme.net\/de\/wp-json\/wp\/v2\/types\/page"}],"author":[{"embeddable":true,"href":"https:\/\/fundaciomallorcaturisme.net\/de\/wp-json\/wp\/v2\/users\/1"}],"replies":[{"embeddable":true,"href":"https:\/\/fundaciomallorcaturisme.net\/de\/wp-json\/wp\/v2\/comments?post=4539"}],"version-history":[{"count":1,"href":"https:\/\/fundaciomallorcaturisme.net\/de\/wp-json\/wp\/v2\/pages\/4539\/revisions"}],"predecessor-version":[{"id":4542,"href":"https:\/\/fundaciomallorcaturisme.net\/de\/wp-json\/wp\/v2\/pages\/4539\/revisions\/4542"}],"wp:attachment":[{"href":"https:\/\/fundaciomallorcaturisme.net\/de\/wp-json\/wp\/v2\/media?parent=4539"}],"curies":[{"name":"wp","href":"https:\/\/api.w.org\/{rel}","templated":true}]}}